{"id":650,"date":"2024-10-23T17:28:35","date_gmt":"2024-10-23T20:28:35","guid":{"rendered":"https:\/\/www.triel.cl\/prototipo\/mi-cuenta\/"},"modified":"2025-08-27T18:27:58","modified_gmt":"2025-08-27T21:27:58","slug":"mi-cuenta","status":"publish","type":"page","link":"https:\/\/www.triel.cl\/prototipo\/mi-cuenta\/","title":{"rendered":"Mi cuenta"},"content":{"rendered":"\t\t<div data-elementor-type=\"wp-page\" data-elementor-id=\"650\" class=\"elementor elementor-650\" data-elementor-post-type=\"page\">\n\t\t\t\t<div class=\"elementor-element elementor-element-9a73800 e-flex e-con-boxed e-con e-parent\" data-id=\"9a73800\" data-element_type=\"container\">\n\t\t\t\t\t<div class=\"e-con-inner\">\n\t\t\t\t<div class=\"elementor-element elementor-element-030a38a e-my-account-tabs-horizontal elementor-widget elementor-widget-woocommerce-my-account\" data-id=\"030a38a\" data-element_type=\"widget\" data-settings=\"{&quot;customize_dashboard_check&quot;:&quot;yes&quot;}\" data-widget_type=\"woocommerce-my-account.default\">\n\t\t\t\t\t<div class=\"e-my-account-tab e-my-account-tab__ \">\t\t\t<div class=\"woocommerce\"><\/div>\t\t<\/div>\n\t\t\t\t\t\t<\/div>\n\t\t\t\t\t<\/div>\n\t\t\t\t<\/div>\n\t\t<div class=\"elementor-element elementor-element-48c11e5 e-flex e-con-boxed e-con e-parent\" data-id=\"48c11e5\" data-element_type=\"container\">\n\t\t\t\t\t<div class=\"e-con-inner\">\n\t\t\t\t\t<\/div>\n\t\t\t\t<\/div>\n\t\t\t\t<\/div>\n\t\t","protected":false},"excerpt":{"rendered":"<p>Comprar entrada a la Convenci\u00f3n Editar mis datos Escritorio Pedidos Cerrar sesi\u00f3n Escritorio Pedidos Cerrar sesi\u00f3n Hola Juanjo (\u00bfno eres Juanjo? Cerrar sesi\u00f3n) Desde el panel de control de tu cuenta puedes ver tus pedidos recientes, gestionar tus direcciones de env\u00edo y facturaci\u00f3n y editar tu contrase\u00f1a y los detalles de tu cuenta. Comprar entrada [&hellip;]<\/p>\n","protected":false},"author":1,"featured_media":0,"parent":0,"menu_order":0,"comment_status":"closed","ping_status":"closed","template":"","meta":{"_acf_changed":false,"footnotes":""},"class_list":["post-650","page","type-page","status-publish","hentry"],"acf":[],"_links":{"self":[{"href":"https:\/\/www.triel.cl\/prototipo\/wp-json\/wp\/v2\/pages\/650","targetHints":{"allow":["GET"]}}],"collection":[{"href":"https:\/\/www.triel.cl\/prototipo\/wp-json\/wp\/v2\/pages"}],"about":[{"href":"https:\/\/www.triel.cl\/prototipo\/wp-json\/wp\/v2\/types\/page"}],"author":[{"embeddable":true,"href":"https:\/\/www.triel.cl\/prototipo\/wp-json\/wp\/v2\/users\/1"}],"replies":[{"embeddable":true,"href":"https:\/\/www.triel.cl\/prototipo\/wp-json\/wp\/v2\/comments?post=650"}],"version-history":[{"count":48,"href":"https:\/\/www.triel.cl\/prototipo\/wp-json\/wp\/v2\/pages\/650\/revisions"}],"predecessor-version":[{"id":1028,"href":"https:\/\/www.triel.cl\/prototipo\/wp-json\/wp\/v2\/pages\/650\/revisions\/1028"}],"wp:attachment":[{"href":"https:\/\/www.triel.cl\/prototipo\/wp-json\/wp\/v2\/media?parent=650"}],"curies":[{"name":"wp","href":"https:\/\/api.w.org\/{rel}","templated":true}]}}